{"id":26,"date":"2026-03-19T18:03:06","date_gmt":"2026-03-19T17:03:06","guid":{"rendered":"https:\/\/la-piccola-cucina.de\/cms\/?page_id=26"},"modified":"2026-03-29T17:44:17","modified_gmt":"2026-03-29T15:44:17","slug":"impressum","status":"publish","type":"page","link":"https:\/\/la-piccola-cucina.de\/cms\/de\/impressum\/","title":{"rendered":"Impressum"},"content":{"rendered":"<h1 class=\"wp-block-heading\">Impressum<\/h1>\n\n<p>Angaben gem\u00e4\u00df \u00a7 5 Digitale-Dienste-Gesetz (DDG)<\/p>\n\n<h2 class=\"wp-block-heading\">01. Kontakt<\/h2>\n\n<address>\n  <strong>La Piccola Cucina<\/strong><br \/>\n  Inhaber: Stephan Ermisch<br \/>\n  Alsenstra\u00dfe 14<br \/>\n  14109 Berlin<br \/>\n  Deutschland\n<\/address>\n\n<ul class=\"wp-block-list\">\n  <li><strong>Telefon:<\/strong> <a href=\"tel:+493035380030\">+49 30 38 00 30<\/a><\/li>\n  <li><strong>E-Mail:<\/strong> <a href=\"mailto:i@la-piccola-cucina.de\">i@la-piccola-cucina.de<\/a><\/li>\n  <li><strong>Website:<\/strong> <a href=\"https:\/\/la-piccola-cucina.de\" target=\"_blank\" rel=\"noopener\">la-piccola-cucina.de<\/a><\/li>\n<\/ul>\n\n<h2 class=\"wp-block-heading\">02. Verantwortlich f\u00fcr den Inhalt nach \u00a7 18 Abs. 2 MStV<\/h2>\n\n<p>Stephan Ermisch (Anschrift wie oben)<\/p>\n\n<h2 class=\"wp-block-heading\">03. Haftung f\u00fcr Inhalte<\/h2>\n\n<p>F\u00fcr eigene Inhalte sind wir nach den allgemeinen gesetzlichen Vorschriften verantwortlich. F\u00fcr fremde Informationen gelten die Haftungsprivilegierungen gem\u00e4\u00df Art. 4 bis 8 DSA in Verbindung mit \u00a7 7 DDG; eine allgemeine Verpflichtung zur \u00dcberwachung besteht nicht (Art. 8 DSA).<\/p>\n\n<h2 class=\"wp-block-heading\">04. Urheberrecht<\/h2>\n\n<p>Die auf dieser Website ver\u00f6ffentlichten Inhalte, Texte, Fotografien und sonstigen Werke sind \u2013 soweit nicht anders gekennzeichnet \u2013 urheberrechtlich gesch\u00fctzt. Jede Verwertung au\u00dferhalb der gesetzlich zul\u00e4ssigen Grenzen bedarf unserer vorherigen Zustimmung.<\/p>","protected":false},"excerpt":{"rendered":"<p>Impressum Angaben gem\u00e4\u00df \u00a7 5 Digitale-Dienste-Gesetz (DDG) 01. Kontakt La Piccola Cucina Inhaber: Stephan Ermisch Alsenstra\u00dfe 14 14109 Berlin Deutschland Telefon: +49 30 38 00 30 E-Mail: i@la-piccola-cucina.de Website: la-piccola-cucina.de 02. Verantwortlich f\u00fcr den Inhalt nach \u00a7 18 Abs. 2 MStV Stephan Ermisch (Anschrift wie oben) 03. Haftung f\u00fcr Inhalte F\u00fcr eigene Inhalte sind wir [&hellip;]<\/p>\n","protected":false},"author":1,"featured_media":0,"parent":0,"menu_order":0,"comment_status":"closed","ping_status":"closed","template":"","meta":{"footnotes":""},"hf_cat_page":[5],"class_list":["post-26","page","type-page","status-publish","hentry"],"_links":{"self":[{"href":"https:\/\/la-piccola-cucina.de\/cms\/wp-json\/wp\/v2\/pages\/26","targetHints":{"allow":["GET"]}}],"collection":[{"href":"https:\/\/la-piccola-cucina.de\/cms\/wp-json\/wp\/v2\/pages"}],"about":[{"href":"https:\/\/la-piccola-cucina.de\/cms\/wp-json\/wp\/v2\/types\/page"}],"author":[{"embeddable":true,"href":"https:\/\/la-piccola-cucina.de\/cms\/wp-json\/wp\/v2\/users\/1"}],"replies":[{"embeddable":true,"href":"https:\/\/la-piccola-cucina.de\/cms\/wp-json\/wp\/v2\/comments?post=26"}],"version-history":[{"count":13,"href":"https:\/\/la-piccola-cucina.de\/cms\/wp-json\/wp\/v2\/pages\/26\/revisions"}],"predecessor-version":[{"id":273,"href":"https:\/\/la-piccola-cucina.de\/cms\/wp-json\/wp\/v2\/pages\/26\/revisions\/273"}],"wp:attachment":[{"href":"https:\/\/la-piccola-cucina.de\/cms\/wp-json\/wp\/v2\/media?parent=26"}],"wp:term":[{"taxonomy":"hf_cat_page","embeddable":true,"href":"https:\/\/la-piccola-cucina.de\/cms\/wp-json\/wp\/v2\/hf_cat_page?post=26"}],"curies":[{"name":"wp","href":"https:\/\/api.w.org\/{rel}","templated":true}]}}